{"id":63,"date":"2024-01-07T12:23:16","date_gmt":"2024-01-07T12:23:16","guid":{"rendered":"https:\/\/hoeker.mantuuu.de\/?page_id=63"},"modified":"2024-02-03T21:04:07","modified_gmt":"2024-02-03T21:04:07","slug":"unser-team","status":"publish","type":"page","link":"https:\/\/hoeker.mantuuu.de\/?page_id=63","title":{"rendered":"Unser Team"},"content":{"rendered":"<div  class=\"tatsu-SJZVFmWnqp tatsu-section  tatsu-section-custom-height tatsu-bg-overlay   tatsu-clearfix\" data-title=\"\"  data-headerscheme=\"background--dark\"><div class = \"tatsu-custom-height-wrap\"><div class='tatsu-section-pad clearfix' data-padding='{\"d\":\"90px 0px 90px 0px\"}' data-padding-top='90px'><div class=\"tatsu-row-wrap  tatsu-wrap tatsu-row-one-col tatsu-row-has-one-cols tatsu-medium-gutter tatsu-reg-cols  tatsu-clearfix tatsu-H1xVFQW29a\" ><div  class=\"tatsu-row \" ><div  class=\"tatsu-column  tatsu-bg-overlay tatsu-one-col tatsu-column-image-none tatsu-column-effect-none  tatsu-HyVKQWhq6\"  data-parallax-speed=\"0\" style=\"\"><div class=\"tatsu-column-inner \" ><div class=\"tatsu-column-pad-wrap\"><div class=\"tatsu-column-pad\" ><div  class=\"tatsu-module tatsu-text-block-wrap tatsu-BJzjXb3cp  \"><div class=\"tatsu-text-inner tatsu-align-center  clearfix\" ><style>.tatsu-BJzjXb3cp.tatsu-text-block-wrap .tatsu-text-inner{width: 100%;text-align: left;}<\/style>\n<h1><span style=\"color: #ffffff;\">Unser Team<\/span><\/h1>\n<\/div><\/div><\/div><\/div><div class = \"tatsu-column-bg-image-wrap\"><div class = \"tatsu-column-bg-image\" ><\/div><\/div><div class=\"tatsu-overlay tatsu-column-overlay tatsu-animate-none\" ><\/div><\/div><style>.tatsu-row > .tatsu-HyVKQWhq6.tatsu-column{width: 100%;}.tatsu-HyVKQWhq6.tatsu-column > .tatsu-column-inner > .tatsu-column-overlay{mix-blend-mode: normal;}.tatsu-HyVKQWhq6 > .tatsu-column-inner > .tatsu-top-divider{z-index: 9999;}.tatsu-HyVKQWhq6 > .tatsu-column-inner > .tatsu-bottom-divider{z-index: 9999;}.tatsu-HyVKQWhq6 > .tatsu-column-inner > .tatsu-left-divider{z-index: 9999;}.tatsu-HyVKQWhq6 > .tatsu-column-inner > .tatsu-right-divider{z-index: 9999;}@media only screen and (max-width:1377px) {.tatsu-row > .tatsu-HyVKQWhq6.tatsu-column{width: 100%;}}@media only screen and (min-width:768px) and (max-width: 1024px) {.tatsu-row > .tatsu-HyVKQWhq6.tatsu-column{width: 100%;}}@media only screen and (max-width: 767px) {.tatsu-row > .tatsu-HyVKQWhq6.tatsu-column{width: 100%;}}<\/style><\/div><\/div><\/div><\/div><div class=\"tatsu-section-background-wrap\"><div class = \"tatsu-section-background\" ><\/div><\/div><div class=\"tatsu-overlay tatsu-section-overlay\"><\/div><\/div><style>.tatsu-SJZVFmWnqp .tatsu-section-background{background-image: url(https:\/\/hoeker.mantuuu.de\/wp-content\/uploads\/2024\/01\/apple-5183288_1920.jpg);background-repeat: no-repeat;background-attachment: fixed;background-position: top left;background-size: cover;}.tatsu-SJZVFmWnqp .tatsu-bg-blur{background-repeat: no-repeat;background-attachment: fixed;background-position: top left;background-size: cover;}.tatsu-SJZVFmWnqp .tatsu-section-pad{padding: 90px 0px 90px 0px;}.tatsu-SJZVFmWnqp .tatsu-section-offset-wrap{transform: translateY(-0px);}.tatsu-SJZVFmWnqp > .tatsu-bottom-divider{z-index: 9999;}.tatsu-SJZVFmWnqp > .tatsu-top-divider{z-index: 9999;}.tatsu-SJZVFmWnqp .tatsu-section-overlay{mix-blend-mode: normal;}.tatsu-SJZVFmWnqp .tatsu-custom-height-wrap{align-items: center;min-height: 80vh;}<\/style><\/div><div  class=\"tatsu-ryZil4W2c6 tatsu-section  tatsu-bg-overlay   tatsu-clearfix\" data-title=\"\"  data-headerscheme=\"background--dark\"><div class='tatsu-section-pad clearfix' data-padding='{\"d\":\"90px 0px 90px 0px\"}' data-padding-top='90px'><div class=\"tatsu-row-wrap  tatsu-wrap tatsu-row-one-col tatsu-row-has-one-cols tatsu-medium-gutter tatsu-reg-cols  tatsu-clearfix tatsu-SkeilEWnqT\" ><div  class=\"tatsu-row \" ><div  class=\"tatsu-column  tatsu-bg-overlay tatsu-one-col tatsu-column-image-none tatsu-column-effect-none  tatsu-B1jxVb256\"  data-parallax-speed=\"0\" style=\"\"><div class=\"tatsu-column-inner \" ><div class=\"tatsu-column-pad-wrap\"><div class=\"tatsu-column-pad\" ><div  class=\"tatsu-module tatsu-inline-text clearfix tatsu-rJo0mbn56   \" ><style>.tatsu-rJo0mbn56 .tatsu-inline-text-inner{width: 65%;text-align: left;}<\/style><div class=\"tatsu-inline-text-inner tatsu-align-center\">\n<p style=\"text-align: center;\"><span style=\"line-height: 34px; font-size: 20px;\">Wir m\u00f6chten euch einen exklusiven Blick hinter die Kulissen unseres H\u00f6kers gew\u00e4hren und euch unser engagiertes Team vorstellen. Bei uns steht nicht nur die Qualit\u00e4t der Produkte im Fokus, sondern auch die freundliche und pers\u00f6nliche Atmosph\u00e4re, die wir gemeinsam schaffen. Lernt die Menschen kennen, die mit Herzblut und Engagement daf\u00fcr sorgen, dass euer Einkauf zu einem besonderen Erlebnis wird.<\/span><\/p>\n<\/div><\/div><\/div><\/div><div class = \"tatsu-column-bg-image-wrap\"><div class = \"tatsu-column-bg-image\" ><\/div><\/div><div class=\"tatsu-overlay tatsu-column-overlay tatsu-animate-none\" ><\/div><\/div><style>.tatsu-row > .tatsu-B1jxVb256.tatsu-column{width: 100%;}.tatsu-B1jxVb256.tatsu-column > .tatsu-column-inner > .tatsu-column-overlay{mix-blend-mode: normal;}.tatsu-B1jxVb256 > .tatsu-column-inner > .tatsu-top-divider{z-index: 9999;}.tatsu-B1jxVb256 > .tatsu-column-inner > .tatsu-bottom-divider{z-index: 9999;}.tatsu-B1jxVb256 > .tatsu-column-inner > .tatsu-left-divider{z-index: 9999;}.tatsu-B1jxVb256 > .tatsu-column-inner > .tatsu-right-divider{z-index: 9999;}@media only screen and (max-width:1377px) {.tatsu-row > .tatsu-B1jxVb256.tatsu-column{width: 100%;}}@media only screen and (min-width:768px) and (max-width: 1024px) {.tatsu-row > .tatsu-B1jxVb256.tatsu-column{width: 100%;}}@media only screen and (max-width: 767px) {.tatsu-row > .tatsu-B1jxVb256.tatsu-column{width: 100%;}}<\/style><\/div><\/div><\/div><\/div><div class=\"tatsu-section-background-wrap\"><div class = \"tatsu-section-background\" ><\/div><\/div><div class=\"tatsu-overlay tatsu-section-overlay\"><\/div><style>.tatsu-ryZil4W2c6 .tatsu-section-pad{padding: 90px 0px 90px 0px;}.tatsu-ryZil4W2c6 .tatsu-section-offset-wrap{transform: translateY(-0px);}.tatsu-ryZil4W2c6 > .tatsu-bottom-divider{z-index: 9999;}.tatsu-ryZil4W2c6 > .tatsu-top-divider{z-index: 9999;}.tatsu-ryZil4W2c6 .tatsu-section-overlay{mix-blend-mode: normal;}<\/style><\/div><div  class=\"tatsu-Skb1EEW2qa tatsu-section  tatsu-bg-overlay   tatsu-clearfix\" data-title=\"\"  data-headerscheme=\"background--dark\"><div class='tatsu-section-pad clearfix' data-padding='{\"d\":\"90px 0px 90px 0px\"}' data-padding-top='90px'><div class=\"tatsu-row-wrap  tatsu-wrap tatsu-row-one-col tatsu-row-has-one-cols tatsu-medium-gutter tatsu-reg-cols  tatsu-clearfix tatsu-rygkN4Zhqp\" ><div  class=\"tatsu-row \" ><div  class=\"tatsu-column  tatsu-bg-overlay tatsu-one-col tatsu-column-image-none tatsu-column-effect-none  tatsu-rJy44Whcp\"  data-parallax-speed=\"0\" style=\"\"><div class=\"tatsu-column-inner \" ><div class=\"tatsu-column-pad-wrap\"><div class=\"tatsu-column-pad\" ><div  class=\"tatsu-module tatsu-text-block-wrap tatsu-r1K1sWhcT  \"><div class=\"tatsu-text-inner tatsu-align-center  clearfix\" ><style>.tatsu-r1K1sWhcT.tatsu-text-block-wrap .tatsu-text-inner{width: 100%;text-align: left;}<\/style>\n<h4>Die Gesichter hinter dem Wittenbeker H\u00f6her<\/h4>\n<\/div><\/div>            <div  class = \"tatsu-module tatsu-icon_card  tatsu-S180uW39p   tatsu-icon_card-type-image tatsu-icon_card-style1 tatsu-icon_card-align-left tatsu-icon_card-vertical-align-top tatsu-icon_medium\" >\n                <style>.tatsu-S180uW39p .tatsu-icon_card-icon{background: url(https:\/\/hoeker.mantuuu.de\/wp-content\/uploads\/2024\/02\/frau2-150x150.png) center scroll no-repeat;background-size: cover;box-shadow: 0px 0px 0px 0px rgba(0,0,0,0);}.tatsu-S180uW39p.tatsu-module{margin: 0 0 30px 0;}<\/style>                                    <div class = \"tatsu-icon_card-icon tatsu-img-plain\">\n                                            <\/div>\n                                                    <div class = \"tatsu-icon_card-title-caption\">\n                                                    <div class = \"tatsu-icon_card-title h6\">\n\t\t\t\t\t\t\t                                <a href = \"#\"  >\n                                    Name                                <\/a>\n\t\t\t\t\t\t\t                            <\/div>\n                                                                            <div class = \"tatsu-icon_card-caption body\">\n                                \n<p><strong>Der Herzliche:<\/strong><\/p>\n<p>Mit einem L\u00e4cheln im Gesicht und einem offenen Ohr f\u00fcr eure Anliegen steht [Vorname] euch als [Position] zur Seite. Seine\/Ihre positive Ausstrahlung und sein\/ihr Know-how machen den Einkauf bei uns zu einem echten Vergn\u00fcgen.<\/p>\n                            <\/div>\n                                            <\/div>\n                            <\/div>\n                <div  class = \"tatsu-module tatsu-icon_card  tatsu-HyYmY-nc6   tatsu-icon_card-type-image tatsu-icon_card-style1 tatsu-icon_card-align-left tatsu-icon_card-vertical-align-top tatsu-icon_medium\" >\n                <style>.tatsu-HyYmY-nc6 .tatsu-icon_card-icon{background: url(https:\/\/hoeker.mantuuu.de\/wp-content\/uploads\/2024\/02\/frau3-150x150.png) center scroll no-repeat;background-size: cover;box-shadow: 0px 0px 0px 0px rgba(0,0,0,0);}.tatsu-HyYmY-nc6.tatsu-module{margin: 0 0 30px 0;}<\/style>                                    <div class = \"tatsu-icon_card-icon tatsu-img-plain\">\n                                            <\/div>\n                                                    <div class = \"tatsu-icon_card-title-caption\">\n                                                    <div class = \"tatsu-icon_card-title h6\">\n\t\t\t\t\t\t\t                                <a href = \"#\"  >\n                                    Name                                <\/a>\n\t\t\t\t\t\t\t                            <\/div>\n                                                                            <div class = \"tatsu-icon_card-caption body\">\n                                \n<p><strong>Die Organisierte:<\/strong><\/p>\n<p>Hinter den Kulissen sorgt [Vorname] als [Position] daf\u00fcr, dass alles reibungslos abl\u00e4uft. Von der Warenbestellung \u00fcber die Lagerverwaltung bis hin zur Organisation von Veranstaltungen \u2013 sie\/er beh\u00e4lt immer den \u00dcberblick.<\/p>\n                            <\/div>\n                                            <\/div>\n                            <\/div>\n                <div  class = \"tatsu-module tatsu-icon_card  tatsu-SyqStZ396   tatsu-icon_card-type-image tatsu-icon_card-style1 tatsu-icon_card-align-left tatsu-icon_card-vertical-align-top tatsu-icon_medium\" >\n                <style>.tatsu-SyqStZ396 .tatsu-icon_card-icon{background: url(https:\/\/hoeker.mantuuu.de\/wp-content\/uploads\/2024\/02\/frau-150x150.png) center scroll no-repeat;background-size: cover;box-shadow: 0px 0px 0px 0px rgba(0,0,0,0);}.tatsu-SyqStZ396.tatsu-module{margin: 0 0 30px 0;}<\/style>                                    <div class = \"tatsu-icon_card-icon tatsu-img-plain\">\n                                            <\/div>\n                                                    <div class = \"tatsu-icon_card-title-caption\">\n                                                    <div class = \"tatsu-icon_card-title h6\">\n\t\t\t\t\t\t\t                                <a href = \"#\"  >\n                                    Name                                <\/a>\n\t\t\t\t\t\t\t                            <\/div>\n                                                                            <div class = \"tatsu-icon_card-caption body\">\n                                \n<p><strong>Die Fachkraft:<\/strong><\/p>\n<p>Wenn es um Produktinformationen und Empfehlungen geht, ist [Vorname] unsere Expertin\/unser Experte. Als erfahrene\/r [Position] kennt sie\/er unser Sortiment in- und auswendig und gibt euch gerne wertvolle Tipps und Ratschl\u00e4ge.<\/p>\n                            <\/div>\n                                            <\/div>\n                            <\/div>\n                <div  class = \"tatsu-module tatsu-icon_card  tatsu-rkMdFW2q6   tatsu-icon_card-type-image tatsu-icon_card-style1 tatsu-icon_card-align-left tatsu-icon_card-vertical-align-top tatsu-icon_medium\" >\n                <style>.tatsu-rkMdFW2q6 .tatsu-icon_card-icon{background: url(https:\/\/hoeker.mantuuu.de\/wp-content\/uploads\/2024\/02\/frau3-150x150.png) center scroll no-repeat;background-size: cover;box-shadow: 0px 0px 0px 0px rgba(0,0,0,0);}.tatsu-rkMdFW2q6.tatsu-module{margin: 0 0 30px 0;}<\/style>                                    <div class = \"tatsu-icon_card-icon tatsu-img-plain\">\n                                            <\/div>\n                                                    <div class = \"tatsu-icon_card-title-caption\">\n                                                    <div class = \"tatsu-icon_card-title h6\">\n\t\t\t\t\t\t\t                                <a href = \"#\"  >\n                                    Name                                <\/a>\n\t\t\t\t\t\t\t                            <\/div>\n                                                                            <div class = \"tatsu-icon_card-caption body\">\n                                \n<p><strong>Die Kreative:<\/strong><\/p>\n<p>Unsere kreative Seele [Vorname] bringt frischen Wind in den Laden. Als [Position] ist sie\/er stets auf der Suche nach neuen Ideen f\u00fcr ansprechende Pr\u00e4sentationen und Aktionen, die euren Einkauf zu einem besonderen Erlebnis machen.<\/p>\n                            <\/div>\n                                            <\/div>\n                            <\/div>\n                <div  class = \"tatsu-module tatsu-icon_card  tatsu-BkaYK-2qT   tatsu-icon_card-type-image tatsu-icon_card-style1 tatsu-icon_card-align-left tatsu-icon_card-vertical-align-top tatsu-icon_medium\" >\n                <style>.tatsu-BkaYK-2qT .tatsu-icon_card-icon{background: url(https:\/\/hoeker.mantuuu.de\/wp-content\/uploads\/2024\/02\/frau2-150x150.png) center scroll no-repeat;background-size: cover;box-shadow: 0px 0px 0px 0px rgba(0,0,0,0);}.tatsu-BkaYK-2qT.tatsu-module{margin: 0 0 30px 0;}<\/style>                                    <div class = \"tatsu-icon_card-icon tatsu-img-plain\">\n                                            <\/div>\n                                                    <div class = \"tatsu-icon_card-title-caption\">\n                                                    <div class = \"tatsu-icon_card-title h6\">\n\t\t\t\t\t\t\t                                <a href = \"#\"  >\n                                    Name                                <\/a>\n\t\t\t\t\t\t\t                            <\/div>\n                                                                            <div class = \"tatsu-icon_card-caption body\">\n                                \n<p><strong>Die Nachhaltige:<\/strong><\/p>\n<p>F\u00fcr [Vorname] steht Nachhaltigkeit an erster Stelle. Als [Position] setzt sie\/er sich daf\u00fcr ein, dass unser Dorfladen umweltfreundlich agiert und legt den Fokus auf regionale, nachhaltige Produkte.<\/p>\n                            <\/div>\n                                            <\/div>\n                            <\/div>\n    <\/div><\/div><div class = \"tatsu-column-bg-image-wrap\"><div class = \"tatsu-column-bg-image\" ><\/div><\/div><div class=\"tatsu-overlay tatsu-column-overlay tatsu-animate-none\" ><\/div><\/div><style>.tatsu-row > .tatsu-rJy44Whcp.tatsu-column{width: 100%;}.tatsu-rJy44Whcp.tatsu-column > .tatsu-column-inner > .tatsu-column-overlay{mix-blend-mode: normal;}.tatsu-rJy44Whcp > .tatsu-column-inner > .tatsu-top-divider{z-index: 9999;}.tatsu-rJy44Whcp > .tatsu-column-inner > .tatsu-bottom-divider{z-index: 9999;}.tatsu-rJy44Whcp > .tatsu-column-inner > .tatsu-left-divider{z-index: 9999;}.tatsu-rJy44Whcp > .tatsu-column-inner > .tatsu-right-divider{z-index: 9999;}@media only screen and (max-width:1377px) {.tatsu-row > .tatsu-rJy44Whcp.tatsu-column{width: 100%;}}@media only screen and (min-width:768px) and (max-width: 1024px) {.tatsu-row > .tatsu-rJy44Whcp.tatsu-column{width: 100%;}}@media only screen and (max-width: 767px) {.tatsu-row > .tatsu-rJy44Whcp.tatsu-column{width: 100%;}}<\/style><\/div><\/div><\/div><\/div><div class=\"tatsu-section-background-wrap\"><div class = \"tatsu-section-background\" ><\/div><\/div><div class=\"tatsu-overlay tatsu-section-overlay\"><\/div><style>.tatsu-Skb1EEW2qa .tatsu-section-pad{padding: 90px 0px 90px 0px;}.tatsu-Skb1EEW2qa .tatsu-section-offset-wrap{transform: translateY(-0px);}.tatsu-Skb1EEW2qa > .tatsu-bottom-divider{z-index: 9999;}.tatsu-Skb1EEW2qa > .tatsu-top-divider{z-index: 9999;}.tatsu-Skb1EEW2qa .tatsu-section-overlay{mix-blend-mode: normal;}<\/style><\/div><div  class=\"tatsu-BJ0hY-hqa tatsu-section  tatsu-fullscreen tatsu-bg-overlay   tatsu-clearfix\" data-title=\"\"  data-headerscheme=\"background--dark\"><div class=\"tatsu-fullscreen-wrap\"><div class='tatsu-section-pad clearfix' data-padding='{\"d\":\"90px 0% 90px 0%\"}' data-padding-top='90px'><div class=\"tatsu-row-wrap  tatsu-wrap tatsu-row-one-col tatsu-row-has-one-cols tatsu-medium-gutter tatsu-reg-cols  tatsu-clearfix tatsu-BJlAhKW3c6\" ><div  class=\"tatsu-row \" ><div  class=\"tatsu-column  tatsu-column-no-bg tatsu-one-col tatsu-column-image-none tatsu-column-effect-none  tatsu-H1WCnFbh56\"  data-parallax-speed=\"0\" style=\"\"><div class=\"tatsu-column-inner \" ><div class=\"tatsu-column-pad-wrap\"><div class=\"tatsu-column-pad\" ><div  class=\"tatsu-module tatsu-inline-text clearfix tatsu-HkG03KZh56   \" ><style>.tatsu-HkG03KZh56 .tatsu-inline-text-inner{width: 100%;text-align: left;}.tatsu-HkG03KZh56.tatsu-inline-text{margin: 0px 0px 20px 0px ;}<\/style><div class=\"tatsu-inline-text-inner tatsu-align-center\">\n<h3 style=\"text-align: center;\"><span style=\"color: #ffffff;\">Euer Feedback ist uns wichtig!<\/span><\/h3>\n<\/div><\/div><div  class=\"tatsu-module tatsu-inline-text clearfix tatsu-r1X03YWn9a   \" ><style>.tatsu-r1X03YWn9a .tatsu-inline-text-inner{width: 70%;text-align: left;}<\/style><div class=\"tatsu-inline-text-inner tatsu-align-center\">\n<h5 style=\"text-align: center;\"><span style=\"color: #ffffff;\">Unser Team freut sich darauf, euch pers\u00f6nlich im Laden zu bgr\u00fc\u00dfen und euch mit Rat und Tat zur Seite zu stehen. Wir sch\u00e4tzen eure Meinung sehr und sind immer offen f\u00fcr Anregungen und Feedback. Teilt eure Erfahrungen mit uns, damit wir uns kontinuierlich verbessern k\u00f6nnen. <\/span><\/h5>\n<h5 style=\"text-align: center;\"><span style=\"color: #ffffff;\">Bis bald im Neuwittenbeker H\u00f6ker. <\/span><\/h5>\n<h5 style=\"text-align: center;\"><span style=\"color: #ffffff;\">Herzliche Gr\u00fc\u00dfe <\/span><\/h5>\n<h5 style=\"text-align: center;\"><strong><span style=\"color: #ffffff;\">Claudia Laparose<\/span><\/strong><\/h5>\n<\/div><\/div><div  class=\"tatsu-module tatsu-normal-button tatsu-button-wrap align-block block-center  tatsu-HJsIFm3ca   \"><a class=\"tatsu-shortcode mediumbtn tatsu-button left-icon    bg-animation-none  \" href=\"mailto:mantu@gmx.de\" style= \"\"  aria-label=\"Kontakt\" data-gdpr-atts={} >Kontakt<\/a><style>.tatsu-HJsIFm3ca .tatsu-button{background-color: rgba(65,117,5,1);color: #ffffff ;}.tatsu-HJsIFm3ca .tatsu-button:hover{background-color: rgba(65,117,5,1);color: rgba(0,0,0,1) ;}<\/style><\/div><\/div><\/div><div class = \"tatsu-column-bg-image-wrap\"><div class = \"tatsu-column-bg-image\" ><\/div><\/div><\/div><style>.tatsu-row > .tatsu-H1WCnFbh56.tatsu-column{width: 100%;}.tatsu-H1WCnFbh56.tatsu-column > .tatsu-column-inner > .tatsu-column-overlay{mix-blend-mode: none;}.tatsu-H1WCnFbh56 > .tatsu-column-inner > .tatsu-top-divider{z-index: 9999;}.tatsu-H1WCnFbh56 > .tatsu-column-inner > .tatsu-bottom-divider{z-index: 9999;}.tatsu-H1WCnFbh56 > .tatsu-column-inner > .tatsu-left-divider{z-index: 9999;}.tatsu-H1WCnFbh56 > .tatsu-column-inner > .tatsu-right-divider{z-index: 9999;}<\/style><\/div><\/div><\/div><\/div><div class=\"tatsu-section-background-wrap\"><div class = \"tatsu-section-background\" ><\/div><\/div><div class=\"tatsu-overlay tatsu-section-overlay\"><\/div><\/div><style>.tatsu-BJ0hY-hqa.tatsu-section{background-color: rgba(0,0,0,1);}.tatsu-BJ0hY-hqa .tatsu-section-background{background-image: url(https:\/\/hoeker.mantuuu.de\/wp-content\/uploads\/2024\/01\/wine-rack-843113_1920.jpg);background-repeat: no-repeat;background-attachment: scroll;background-position: center center;background-size: cover;}.tatsu-BJ0hY-hqa .tatsu-bg-blur{background-repeat: no-repeat;background-attachment: scroll;background-position: center center;background-size: cover;}.tatsu-BJ0hY-hqa .tatsu-section-pad{padding: 90px 0% 90px 0%;}.tatsu-BJ0hY-hqa > .tatsu-bottom-divider{z-index: 9999;}.tatsu-BJ0hY-hqa > .tatsu-top-divider{z-index: 9999;}.tatsu-BJ0hY-hqa .tatsu-section-overlay{background: rgba(0,0,0,0.6);mix-blend-mode: normal;}.tatsu-BJ0hY-hqa .tatsu-fullscreen-wrap{align-items: center;}<\/style><\/div>\n","protected":false},"excerpt":{"rendered":"<p><a href=\"https:\/\/hoeker.mantuuu.de\/?page_id=63\" class=\"more-link style1-button\">Weiterlesen<\/a><\/p>","protected":false},"author":1,"featured_media":0,"parent":0,"menu_order":0,"comment_status":"closed","ping_status":"closed","template":"","meta":{"footnotes":""},"class_list":["post-63","page","type-page","status-publish","hentry"],"_links":{"self":[{"href":"https:\/\/hoeker.mantuuu.de\/index.php?rest_route=\/wp\/v2\/pages\/63","targetHints":{"allow":["GET"]}}],"collection":[{"href":"https:\/\/hoeker.mantuuu.de\/index.php?rest_route=\/wp\/v2\/pages"}],"about":[{"href":"https:\/\/hoeker.mantuuu.de\/index.php?rest_route=\/wp\/v2\/types\/page"}],"author":[{"embeddable":true,"href":"https:\/\/hoeker.mantuuu.de\/index.php?rest_route=\/wp\/v2\/users\/1"}],"replies":[{"embeddable":true,"href":"https:\/\/hoeker.mantuuu.de\/index.php?rest_route=%2Fwp%2Fv2%2Fcomments&post=63"}],"version-history":[{"count":15,"href":"https:\/\/hoeker.mantuuu.de\/index.php?rest_route=\/wp\/v2\/pages\/63\/revisions"}],"predecessor-version":[{"id":236,"href":"https:\/\/hoeker.mantuuu.de\/index.php?rest_route=\/wp\/v2\/pages\/63\/revisions\/236"}],"wp:attachment":[{"href":"https:\/\/hoeker.mantuuu.de\/index.php?rest_route=%2Fwp%2Fv2%2Fmedia&parent=63"}],"curies":[{"name":"wp","href":"https:\/\/api.w.org\/{rel}","templated":true}]}}