{"id":65,"date":"2024-01-07T12:23:45","date_gmt":"2024-01-07T12:23:45","guid":{"rendered":"https:\/\/hoeker.mantuuu.de\/?page_id=65"},"modified":"2024-02-03T18:55:24","modified_gmt":"2024-02-03T18:55:24","slug":"fahrbuecherei-8","status":"publish","type":"page","link":"https:\/\/hoeker.mantuuu.de\/?page_id=65","title":{"rendered":"Fahrb\u00fccherei 8"},"content":{"rendered":"<div  class=\"tatsu-rkZJ6Rghc6 tatsu-section  tatsu-section-custom-height tatsu-bg-overlay   tatsu-clearfix\" data-title=\"\"  data-headerscheme=\"background--dark\"><div class = \"tatsu-custom-height-wrap\"><div class='tatsu-section-pad clearfix' data-padding='{\"d\":\"90px 0px 90px 0px\"}' data-padding-top='90px'><div class=\"tatsu-row-wrap  tatsu-wrap tatsu-row-one-col tatsu-row-has-one-cols tatsu-medium-gutter tatsu-reg-cols  tatsu-clearfix tatsu-rJlka0e396\" ><div  class=\"tatsu-row \" ><div  class=\"tatsu-column  tatsu-bg-overlay tatsu-one-col tatsu-column-image-none tatsu-column-effect-none  tatsu-r1kaAxn9a\"  data-parallax-speed=\"0\" style=\"\"><div class=\"tatsu-column-inner \" ><div class=\"tatsu-column-pad-wrap\"><div class=\"tatsu-column-pad\" ><div  class=\"tatsu-module tatsu-text-block-wrap tatsu-rysOJZn9p  tatsu-hide-tablet tatsu-hide-mobile \"><div class=\"tatsu-text-inner tatsu-align-center  clearfix\" ><style>.tatsu-rysOJZn9p.tatsu-text-block-wrap .tatsu-text-inner{width: 100%;text-align: left;}<\/style>\n<h1><span style=\"color: #ffffff;\">Fahrb\u00fccherei 8<\/span><\/h1>\n<\/div><\/div><div  class=\"tatsu-module tatsu-text-block-wrap tatsu-HyZWnbnqp  tatsu-hide-desktop tatsu-hide-laptop \"><div class=\"tatsu-text-inner tatsu-align-center  clearfix\" ><style>.tatsu-HyZWnbnqp.tatsu-text-block-wrap .tatsu-text-inner{width: 100%;text-align: left;}<\/style>\n<h3><span style=\"color: #ffffff;\">Fahrb\u00fccherei 8<\/span><\/h3>\n<\/div><\/div><\/div><\/div><div class = \"tatsu-column-bg-image-wrap\"><div class = \"tatsu-column-bg-image\" ><\/div><\/div><div class=\"tatsu-overlay tatsu-column-overlay tatsu-animate-none\" ><\/div><\/div><style>.tatsu-row > .tatsu-r1kaAxn9a.tatsu-column{width: 100%;}.tatsu-r1kaAxn9a.tatsu-column > .tatsu-column-inner > .tatsu-column-overlay{mix-blend-mode: normal;}.tatsu-r1kaAxn9a > .tatsu-column-inner > .tatsu-top-divider{z-index: 9999;}.tatsu-r1kaAxn9a > .tatsu-column-inner > .tatsu-bottom-divider{z-index: 9999;}.tatsu-r1kaAxn9a > .tatsu-column-inner > .tatsu-left-divider{z-index: 9999;}.tatsu-r1kaAxn9a > .tatsu-column-inner > .tatsu-right-divider{z-index: 9999;}@media only screen and (max-width:1377px) {.tatsu-row > .tatsu-r1kaAxn9a.tatsu-column{width: 100%;}}@media only screen and (min-width:768px) and (max-width: 1024px) {.tatsu-row > .tatsu-r1kaAxn9a.tatsu-column{width: 100%;}}@media only screen and (max-width: 767px) {.tatsu-row > .tatsu-r1kaAxn9a.tatsu-column{width: 100%;}}<\/style><\/div><\/div><\/div><\/div><div class=\"tatsu-section-background-wrap\"><div class = \"tatsu-section-background\" ><\/div><\/div><div class=\"tatsu-overlay tatsu-section-overlay\"><\/div><\/div><style>.tatsu-rkZJ6Rghc6 .tatsu-section-background{background-image: url(https:\/\/hoeker.mantuuu.de\/wp-content\/uploads\/2024\/02\/fahrbuecherei8-scaled.jpg);background-repeat: no-repeat;background-attachment: fixed;background-position: top center;background-size: cover;}.tatsu-rkZJ6Rghc6 .tatsu-bg-blur{background-repeat: no-repeat;background-attachment: fixed;background-position: top center;background-size: cover;}.tatsu-rkZJ6Rghc6 .tatsu-section-pad{padding: 90px 0px 90px 0px;}.tatsu-rkZJ6Rghc6 .tatsu-section-offset-wrap{transform: translateY(-0px);}.tatsu-rkZJ6Rghc6 > .tatsu-bottom-divider{z-index: 9999;}.tatsu-rkZJ6Rghc6 > .tatsu-top-divider{z-index: 9999;}.tatsu-rkZJ6Rghc6 .tatsu-section-overlay{mix-blend-mode: normal;}.tatsu-rkZJ6Rghc6 .tatsu-custom-height-wrap{align-items: center;min-height: 80vh;}<\/style><\/div><div  class=\"tatsu-HJWE60g2qp tatsu-section  tatsu-bg-overlay   tatsu-clearfix\" data-title=\"\"  data-headerscheme=\"background--dark\"><div class='tatsu-section-pad clearfix' data-padding='{\"d\":\"90px 0px 90px 0px\"}' data-padding-top='90px'><div class=\"tatsu-row-wrap  tatsu-wrap tatsu-row-one-col tatsu-row-has-one-cols tatsu-medium-gutter tatsu-reg-cols  tatsu-clearfix tatsu-rkgVaAe2qT\" ><div  class=\"tatsu-row \" ><div  class=\"tatsu-column  tatsu-bg-overlay tatsu-one-col tatsu-column-image-none tatsu-column-effect-none  tatsu-Bk4pCg2qa\"  data-parallax-speed=\"0\" style=\"\"><div class=\"tatsu-column-inner \" ><div class=\"tatsu-column-pad-wrap\"><div class=\"tatsu-column-pad\" ><div  class=\"tatsu-module tatsu-text-block-wrap tatsu-r1da0g2c6  \"><div class=\"tatsu-text-inner tatsu-align-center  clearfix\" ><style>.tatsu-r1da0g2c6.tatsu-text-block-wrap .tatsu-text-inner{width: 100%;text-align: left;}<\/style>\n<h5>Die mobile Fahrb\u00fccherei Nr. 8 bringt Ihnen die B\u00fccher direkt in den H\u00f6ker. Sie k\u00f6nnen Sie Online bestellen. Alle 3 Wochen, an einem Dienstag, kommt der B\u00fccherbus nach Neuwittenbek.<\/h5>\n<h5>Sie k\u00f6nnen die B\u00fccher auch wieder beim H\u00f6ker abgeben.\u00a0<\/h5>\n<h5>Unter www.fahrbuecherei8.de k\u00f6nnen Sie die Antragsunterlagen f\u00fcr einen Leseausweis runterladen, ausf\u00fcllen, unterschreiben und an info@fahrbuecherei8.de mailen oder per Post schicken.<\/h5>\n<h5>Nach Zugang des Leseausweises k\u00f6nnen Sie sich einen Login-Zugang auf www.fahrbucherei8.de einrichten und online B\u00fccher vormerken. Wenn die B\u00fccher verf\u00fcgbar sind, werden sie mit der n\u00e4chsten Fahrtour nach Neuwittenbek gebracht. Sollten Sie sie nicht im Bus abholen, k\u00f6nnen sie einen Tag sp\u00e4ter im H\u00f6ker zu den \u00d6ffnungszeiten abgeholt werden.<\/h5>\n<\/div><\/div><\/div><\/div><div class = \"tatsu-column-bg-image-wrap\"><div class = \"tatsu-column-bg-image\" ><\/div><\/div><div class=\"tatsu-overlay tatsu-column-overlay tatsu-animate-none\" ><\/div><\/div><style>.tatsu-row > .tatsu-Bk4pCg2qa.tatsu-column{width: 100%;}.tatsu-Bk4pCg2qa.tatsu-column > .tatsu-column-inner > .tatsu-column-overlay{mix-blend-mode: normal;}.tatsu-Bk4pCg2qa > .tatsu-column-inner > .tatsu-top-divider{z-index: 9999;}.tatsu-Bk4pCg2qa > .tatsu-column-inner > .tatsu-bottom-divider{z-index: 9999;}.tatsu-Bk4pCg2qa > .tatsu-column-inner > .tatsu-left-divider{z-index: 9999;}.tatsu-Bk4pCg2qa > .tatsu-column-inner > .tatsu-right-divider{z-index: 9999;}@media only screen and (max-width:1377px) {.tatsu-row > .tatsu-Bk4pCg2qa.tatsu-column{width: 100%;}}@media only screen and (min-width:768px) and (max-width: 1024px) {.tatsu-row > .tatsu-Bk4pCg2qa.tatsu-column{width: 100%;}}@media only screen and (max-width: 767px) {.tatsu-row > .tatsu-Bk4pCg2qa.tatsu-column{width: 100%;}}<\/style><\/div><\/div><\/div><\/div><div class=\"tatsu-section-background-wrap\"><div class = \"tatsu-section-background\" ><\/div><\/div><div class=\"tatsu-overlay tatsu-section-overlay\"><\/div><style>.tatsu-HJWE60g2qp .tatsu-section-pad{padding: 90px 0px 90px 0px;}.tatsu-HJWE60g2qp .tatsu-section-offset-wrap{transform: translateY(-0px);}.tatsu-HJWE60g2qp > .tatsu-bottom-divider{z-index: 9999;}.tatsu-HJWE60g2qp > .tatsu-top-divider{z-index: 9999;}.tatsu-HJWE60g2qp .tatsu-section-overlay{mix-blend-mode: normal;}<\/style><\/div><div  class=\"tatsu-ByayxWhqT tatsu-section    tatsu-clearfix\" data-title=\"\"  data-headerscheme=\"background--dark\"><div class='tatsu-section-pad clearfix' data-padding='{\"d\":\"20px 0px 20px 0px \"}' data-padding-top='20px'><div class=\"tatsu-row-wrap  tatsu-row-full-width tatsu-row-one-col tatsu-row-has-one-cols tatsu-medium-gutter tatsu-reg-cols  tatsu-clearfix tatsu-ryea1gWh96\" ><div  class=\"tatsu-row \" ><div  class=\"tatsu-column  tatsu-column-no-bg tatsu-one-col tatsu-column-image-none tatsu-column-effect-none  tatsu-H1Wpke-h5p\"  data-parallax-speed=\"0\" style=\"\"><div class=\"tatsu-column-inner \" ><div class=\"tatsu-column-pad-wrap\"><div class=\"tatsu-column-pad\" ><div  class=\"tatsu-module tatsu-call-to-action tatsu-clearfix  tatsu-ryG6kebnca  \" ><div class=\"tatsu-cta-inner\"><h4 class=\"tatsu-action-content\" >Weitere Informationen?<\/h4><a class=\"mediumbtn tatsu-button rounded tatsu-action-button   \" href=\"https:\/\/www.fahrbuecherei8.de\" data-gdpr-atts={} target=\"_blank\"><span>Klick hier<\/span><\/a><style>.tatsu-ryG6kebnca .tatsu-action-content{color: rgba(0,0,0,1) ;}.tatsu-ryG6kebnca .tatsu-action-button{background: rgba(65,117,5,1);border-color: #ffffff; }.tatsu-ryG6kebnca .tatsu-action-button:hover{background: rgba(65,117,5,1);border-color: #ffffff; }.tatsu-ryG6kebnca .tatsu-action-button span{color: #ffffff ;}.tatsu-ryG6kebnca .tatsu-action-button:hover span{color: rgba(0,0,0,1) ;}<\/style><\/div><\/div><\/div><\/div><div class = \"tatsu-column-bg-image-wrap\"><div class = \"tatsu-column-bg-image\" ><\/div><\/div><\/div><style>.tatsu-row > .tatsu-H1Wpke-h5p.tatsu-column{width: 100%;}.tatsu-H1Wpke-h5p.tatsu-column > .tatsu-column-inner > .tatsu-column-overlay{mix-blend-mode: none;}.tatsu-H1Wpke-h5p > .tatsu-column-inner > .tatsu-top-divider{z-index: 9999;}.tatsu-H1Wpke-h5p > .tatsu-column-inner > .tatsu-bottom-divider{z-index: 9999;}.tatsu-H1Wpke-h5p > .tatsu-column-inner > .tatsu-left-divider{z-index: 9999;}.tatsu-H1Wpke-h5p > .tatsu-column-inner > .tatsu-right-divider{z-index: 9999;}<\/style><\/div><\/div><\/div><\/div><div class=\"tatsu-section-background-wrap\"><div class = \"tatsu-section-background\" ><\/div><\/div><style>.tatsu-ByayxWhqT .tatsu-section-pad{padding: 20px 0px 20px 0px ;}.tatsu-ByayxWhqT > .tatsu-bottom-divider{z-index: 9999;}.tatsu-ByayxWhqT > .tatsu-top-divider{z-index: 9999;}<\/style><\/div>\n","protected":false},"excerpt":{"rendered":"<p><a href=\"https:\/\/hoeker.mantuuu.de\/?page_id=65\" class=\"more-link style1-button\">Weiterlesen<\/a><\/p>","protected":false},"author":1,"featured_media":0,"parent":0,"menu_order":0,"comment_status":"closed","ping_status":"closed","template":"","meta":{"footnotes":""},"class_list":["post-65","page","type-page","status-publish","hentry"],"_links":{"self":[{"href":"https:\/\/hoeker.mantuuu.de\/index.php?rest_route=\/wp\/v2\/pages\/65","targetHints":{"allow":["GET"]}}],"collection":[{"href":"https:\/\/hoeker.mantuuu.de\/index.php?rest_route=\/wp\/v2\/pages"}],"about":[{"href":"https:\/\/hoeker.mantuuu.de\/index.php?rest_route=\/wp\/v2\/types\/page"}],"author":[{"embeddable":true,"href":"https:\/\/hoeker.mantuuu.de\/index.php?rest_route=\/wp\/v2\/users\/1"}],"replies":[{"embeddable":true,"href":"https:\/\/hoeker.mantuuu.de\/index.php?rest_route=%2Fwp%2Fv2%2Fcomments&post=65"}],"version-history":[{"count":9,"href":"https:\/\/hoeker.mantuuu.de\/index.php?rest_route=\/wp\/v2\/pages\/65\/revisions"}],"predecessor-version":[{"id":199,"href":"https:\/\/hoeker.mantuuu.de\/index.php?rest_route=\/wp\/v2\/pages\/65\/revisions\/199"}],"wp:attachment":[{"href":"https:\/\/hoeker.mantuuu.de\/index.php?rest_route=%2Fwp%2Fv2%2Fmedia&parent=65"}],"curies":[{"name":"wp","href":"https:\/\/api.w.org\/{rel}","templated":true}]}}